{"id":3,"date":"2026-01-26T13:34:09","date_gmt":"2026-01-26T13:34:09","guid":{"rendered":"http:\/\/truckclaim.lt\/?page_id=3"},"modified":"2026-02-06T13:58:53","modified_gmt":"2026-02-06T13:58:53","slug":"privacy-policy","status":"publish","type":"page","link":"https:\/\/truckclaim.lt\/en\/privacy-policy\/","title":{"rendered":"Privacy Policy"},"content":{"rendered":"<div data-elementor-type=\"wp-page\" data-elementor-id=\"3\" class=\"elementor elementor-3\" data-elementor-post-type=\"page\">\n\t\t\t\t<div class=\"elementor-element elementor-element-2b728c1a e-flex e-con-boxed e-con e-parent\" data-id=\"2b728c1a\" data-element_type=\"container\" data-e-type=\"container\">\n\t\t\t\t\t<div class=\"e-con-inner\">\n\t\t\t\t<div class=\"elementor-element elementor-element-b6f79c8 elementor-widget elementor-widget-spacer\" data-id=\"b6f79c8\" data-element_type=\"widget\" data-e-type=\"widget\" data-widget_type=\"spacer.default\">\n\t\t\t\t\t\t\t<div class=\"elementor-spacer\">\n\t\t\t<div class=\"elementor-spacer-inner\"><\/div>\n\t\t<\/div>\n\t\t\t\t\t\t<\/div>\n\t\t\t\t<div class=\"elementor-element elementor-element-a480209 elementor-widget elementor-widget-heading\" data-id=\"a480209\" data-element_type=\"widget\" data-e-type=\"widget\" data-widget_type=\"heading.default\">\n\t\t\t\t\t<h2 class=\"elementor-heading-title elementor-size-default\">Privacy Policy<\/h2>\t\t\t\t<\/div>\n\t\t\t\t<div class=\"elementor-element elementor-element-c417270 elementor-widget elementor-widget-text-editor\" data-id=\"c417270\" data-element_type=\"widget\" data-e-type=\"widget\" data-widget_type=\"text-editor.default\">\n\t\t\t\t\t\t\t\t\t<p data-start=\"484\" data-end=\"673\">This Privacy Policy explains how <strong>MB<\/strong> <strong data-start=\"522\" data-end=\"536\">TruckClaim <\/strong>(company registration No. 305012205) (hereinafter referred to as the <em data-start=\"547\" data-end=\"557\">\u201cCompany\u201d or<\/em>, <em data-start=\"559\" data-end=\"564\">\"we\"<\/em>) collects, uses and protects personal data when you visit our website or contact us.<\/p><p data-start=\"675\" data-end=\"852\">We respect your privacy and process personal data responsibly, in compliance with the <strong data-start=\"752\" data-end=\"823\">General Data Protection Regulation (EU) 2016\/679 (GDPR)<\/strong> and other applicable legal requirements.<\/p>\t\t\t\t\t\t\t\t<\/div>\n\t\t\t\t<div class=\"elementor-element elementor-element-66284ee elementor-widget elementor-widget-heading\" data-id=\"66284ee\" data-element_type=\"widget\" data-e-type=\"widget\" data-widget_type=\"heading.default\">\n\t\t\t\t\t<h3 class=\"elementor-heading-title elementor-size-default\">1. Data Controller<\/h3>\t\t\t\t<\/div>\n\t\t\t\t<div class=\"elementor-element elementor-element-41127a3 elementor-widget elementor-widget-text-editor\" data-id=\"41127a3\" data-element_type=\"widget\" data-e-type=\"widget\" data-widget_type=\"text-editor.default\">\n\t\t\t\t\t\t\t\t\t<p data-start=\"885\" data-end=\"1000\">Data Controller: <strong data-start=\"905\" data-end=\"919\">MB TruckClaim<\/strong><br data-start=\"919\" data-end=\"922\" \/>Email: privacy@truckclaim.lt<\/p>\n<p data-start=\"1002\" data-end=\"1091\">If you have any questions regarding the processing of personal data, you may contact us using the details provided above.<\/p>\t\t\t\t\t\t\t\t<\/div>\n\t\t\t\t<div class=\"elementor-element elementor-element-0859f9d elementor-widget elementor-widget-heading\" data-id=\"0859f9d\" data-element_type=\"widget\" data-e-type=\"widget\" data-widget_type=\"heading.default\">\n\t\t\t\t\t<h3 class=\"elementor-heading-title elementor-size-default\">2. What personal data do we collect<\/h3>\t\t\t\t<\/div>\n\t\t\t\t<div class=\"elementor-element elementor-element-564e255 elementor-widget elementor-widget-text-editor\" data-id=\"564e255\" data-element_type=\"widget\" data-e-type=\"widget\" data-widget_type=\"text-editor.default\">\n\t\t\t\t\t\t\t\t\t<p>We collect only the personal data necessary <strong data-start=\"1177\" data-end=\"1237\">for communication and the initial assessment of your situation.<\/strong>.<\/p>\t\t\t\t\t\t\t\t<\/div>\n\t\t\t\t<div class=\"elementor-element elementor-element-95212a7 elementor-widget elementor-widget-heading\" data-id=\"95212a7\" data-element_type=\"widget\" data-e-type=\"widget\" data-widget_type=\"heading.default\">\n\t\t\t\t\t<h4 class=\"elementor-heading-title elementor-size-default\">Personal data provided by you:<\/h4>\t\t\t\t<\/div>\n\t\t\t\t<div class=\"elementor-element elementor-element-6cabd67 elementor-widget elementor-widget-text-editor\" data-id=\"6cabd67\" data-element_type=\"widget\" data-e-type=\"widget\" data-widget_type=\"text-editor.default\">\n\t\t\t\t\t\t\t\t\t<ul>\n<li data-start=\"1280\" data-end=\"1297\">\n<p data-start=\"1282\" data-end=\"1297\">First and last name,<\/p>\n<\/li>\n<li data-start=\"1298\" data-end=\"1317\">\n<p data-start=\"1300\" data-end=\"1317\">Email address,<\/p>\n<\/li>\n<li data-start=\"1318\" data-end=\"1336\">\n<p data-start=\"1320\" data-end=\"1336\">Phone number,<\/p>\n<\/li>\n<li data-start=\"1337\" data-end=\"1357\">\n<p data-start=\"1339\" data-end=\"1357\">Company name,<\/p>\n<\/li>\n<li data-start=\"1358\" data-end=\"1408\">\n<p data-start=\"1360\" data-end=\"1408\">Description of your situation or inquiry,<\/p>\n<\/li>\n<li data-start=\"1409\" data-end=\"1471\">\n<p data-start=\"1411\" data-end=\"1471\">Any other information you voluntarily provide when contacting us.<\/p>\n<\/li>\n<\/ul>\t\t\t\t\t\t\t\t<\/div>\n\t\t\t\t<div class=\"elementor-element elementor-element-3bd90ec elementor-widget elementor-widget-heading\" data-id=\"3bd90ec\" data-element_type=\"widget\" data-e-type=\"widget\" data-widget_type=\"heading.default\">\n\t\t\t\t\t<h4 class=\"elementor-heading-title elementor-size-default\">Automatically collected data:<\/h4>\t\t\t\t<\/div>\n\t\t\t\t<div class=\"elementor-element elementor-element-6cacfea elementor-widget elementor-widget-text-editor\" data-id=\"6cacfea\" data-element_type=\"widget\" data-e-type=\"widget\" data-widget_type=\"text-editor.default\">\n\t\t\t\t\t\t\t\t\t<ul>\n<li data-start=\"1508\" data-end=\"1520\">\n<p data-start=\"1510\" data-end=\"1520\">IP address,<\/p>\n<\/li>\n<li data-start=\"1521\" data-end=\"1538\">\n<p data-start=\"1523\" data-end=\"1538\">Browser type,<\/p>\n<\/li>\n<li data-start=\"1539\" data-end=\"1562\">\n<p data-start=\"1541\" data-end=\"1562\">Device information,<\/p>\n<\/li>\n<li data-start=\"1563\" data-end=\"1632\">\n<p data-start=\"1565\" data-end=\"1632\">Website usage statistics (if analytical cookies are used).<\/p>\n<\/li>\n<\/ul>\t\t\t\t\t\t\t\t<\/div>\n\t\t\t\t<div class=\"elementor-element elementor-element-e7fe0e7 elementor-widget elementor-widget-heading\" data-id=\"e7fe0e7\" data-element_type=\"widget\" data-e-type=\"widget\" data-widget_type=\"heading.default\">\n\t\t\t\t\t<h5 class=\"elementor-heading-title elementor-size-default\">We do not collect:<\/h5>\t\t\t\t<\/div>\n\t\t\t\t<div class=\"elementor-element elementor-element-83c1d8a elementor-widget elementor-widget-text-editor\" data-id=\"83c1d8a\" data-element_type=\"widget\" data-e-type=\"widget\" data-widget_type=\"text-editor.default\">\n\t\t\t\t\t\t\t\t\t<ul>\n<li data-start=\"1653\" data-end=\"1721\">\n<p data-start=\"1655\" data-end=\"1721\">Special categories of personal data (such as health data or political opinions),<\/p>\n<\/li>\n<li data-start=\"1722\" data-end=\"1780\">\n<p data-start=\"1724\" data-end=\"1780\">Excessive or information unrelated to our services.<\/p>\n<\/li>\n<\/ul>\t\t\t\t\t\t\t\t<\/div>\n\t\t\t\t<div class=\"elementor-element elementor-element-3a886fe elementor-widget elementor-widget-heading\" data-id=\"3a886fe\" data-element_type=\"widget\" data-e-type=\"widget\" data-widget_type=\"heading.default\">\n\t\t\t\t\t<h3 class=\"elementor-heading-title elementor-size-default\">3. Purposes of processing personal data<\/h3>\t\t\t\t<\/div>\n\t\t\t\t<div class=\"elementor-element elementor-element-f71586b elementor-widget elementor-widget-text-editor\" data-id=\"f71586b\" data-element_type=\"widget\" data-e-type=\"widget\" data-widget_type=\"text-editor.default\">\n\t\t\t\t\t\t\t\t\t<p data-start=\"1826\" data-end=\"1882\">We process your personal data only for clearly defined purposes, including:<\/p>\n<ul data-start=\"1884\" data-end=\"2099\">\n<li data-start=\"1884\" data-end=\"1911\">\n<p data-start=\"1886\" data-end=\"1911\">Responding to your inquiries,<\/p>\n<\/li>\n<li data-start=\"1912\" data-end=\"1959\">\n<p data-start=\"1914\" data-end=\"1959\">Carrying out an initial assessment of your situation or case,<\/p>\n<\/li>\n<li data-start=\"1960\" data-end=\"2007\">\n<p data-start=\"1962\" data-end=\"2007\">Contacting you regarding possible further communication,<\/p>\n<\/li>\n<li data-start=\"2008\" data-end=\"2049\">\n<p data-start=\"2010\" data-end=\"2049\">Ensuring the proper functioning and security of the website,<\/p>\n<\/li>\n<li data-start=\"2050\" data-end=\"2099\">\n<p data-start=\"2052\" data-end=\"2099\">Improving website functionality (where applicable).<\/p>\n<\/li>\n<\/ul>\n<p data-start=\"2101\" data-end=\"2181\">We <strong data-start=\"2105\" data-end=\"2128\">do not use personal data<\/strong> for automated decision-making or profiling.<\/p>\t\t\t\t\t\t\t\t<\/div>\n\t\t\t\t<div class=\"elementor-element elementor-element-537a4c1 elementor-widget elementor-widget-heading\" data-id=\"537a4c1\" data-element_type=\"widget\" data-e-type=\"widget\" data-widget_type=\"heading.default\">\n\t\t\t\t\t<h3 class=\"elementor-heading-title elementor-size-default\">4. Legal basis for processing personal data<\/h3>\t\t\t\t<\/div>\n\t\t\t\t<div class=\"elementor-element elementor-element-bc63c42 elementor-widget elementor-widget-text-editor\" data-id=\"bc63c42\" data-element_type=\"widget\" data-e-type=\"widget\" data-widget_type=\"text-editor.default\">\n\t\t\t\t\t\t\t\t\t<p data-start=\"2231\" data-end=\"2266\">Personal data is processed on the following legal bases:<\/p>\n<ul data-start=\"2268\" data-end=\"2486\">\n<li data-start=\"2268\" data-end=\"2311\">\n<p data-start=\"2270\" data-end=\"2311\"><strong data-start=\"2270\" data-end=\"2287\">Your consent<\/strong> (Article 6(1)(a) of the GDPR).<\/p>\n<\/li>\n<li data-start=\"2312\" data-end=\"2374\">\n<p data-start=\"2314\" data-end=\"2374\"><strong data-start=\"2314\" data-end=\"2350\">Steps taken prior to entering into a contract<\/strong> (Article 6(1)(b) of the GDPR).<\/p>\n<\/li>\n<li data-start=\"2375\" data-end=\"2486\">\n<p data-start=\"2377\" data-end=\"2486\"><strong data-start=\"2377\" data-end=\"2407\">The legitimate interests of the Company<\/strong> (Article 6(1)(f) of the GDPR), ensuring responsible communication and the security of our operations.<\/p>\n<\/li>\n<\/ul>\t\t\t\t\t\t\t\t<\/div>\n\t\t\t\t<div class=\"elementor-element elementor-element-a4a2474 elementor-widget elementor-widget-heading\" data-id=\"a4a2474\" data-element_type=\"widget\" data-e-type=\"widget\" data-widget_type=\"heading.default\">\n\t\t\t\t\t<h3 class=\"elementor-heading-title elementor-size-default\">5. Data retention period<\/h3>\t\t\t\t<\/div>\n\t\t\t\t<div class=\"elementor-element elementor-element-c45af41 elementor-widget elementor-widget-text-editor\" data-id=\"c45af41\" data-element_type=\"widget\" data-e-type=\"widget\" data-widget_type=\"text-editor.default\">\n\t\t\t\t\t\t\t\t\t<p data-start=\"2530\" data-end=\"2611\">We retain personal data only for <strong data-start=\"2554\" data-end=\"2579\">as long as necessary<\/strong> to achieve the purposes for which it was collected:<\/p>\n<ul data-start=\"2613\" data-end=\"2778\">\n<li data-start=\"2613\" data-end=\"2646\">\n<p data-start=\"2615\" data-end=\"2646\">Inquiry related data \u2014 up to 12 months,<\/p>\n<\/li>\n<li data-start=\"2647\" data-end=\"2729\">\n<p data-start=\"2649\" data-end=\"2729\">Where cooperation is initiated \u2014 in accordance with contractual obligations and applicable legal requirements,<\/p>\n<\/li>\n<li data-start=\"2730\" data-end=\"2778\">\n<p data-start=\"2732\" data-end=\"2778\">Technical data \u2014 in accordance with cookie settings.<\/p>\n<\/li>\n<\/ul>\t\t\t\t\t\t\t\t<\/div>\n\t\t\t\t<div class=\"elementor-element elementor-element-38567a3 elementor-widget elementor-widget-heading\" data-id=\"38567a3\" data-element_type=\"widget\" data-e-type=\"widget\" data-widget_type=\"heading.default\">\n\t\t\t\t\t<h3 class=\"elementor-heading-title elementor-size-default\">6. Transfer of personal data to third parties<\/h3>\t\t\t\t<\/div>\n\t\t\t\t<div class=\"elementor-element elementor-element-2895212 elementor-widget elementor-widget-text-editor\" data-id=\"2895212\" data-element_type=\"widget\" data-e-type=\"widget\" data-widget_type=\"text-editor.default\">\n\t\t\t\t\t\t\t\t\t<p data-start=\"2832\" data-end=\"2923\" class=\"translation-block\"><strong data-start=\"2845\" data-end=\"2861\">We do not sell<\/strong> or <strong data-start=\"2865\" data-end=\"2881\">transfer<\/strong> personal data for marketing purposes.<\/p>\n<p data-start=\"2925\" data-end=\"2959\">Personal data may be transferred only to:<\/p>\n<ul data-start=\"2960\" data-end=\"3105\">\n<li data-start=\"2960\" data-end=\"3047\">\n<p data-start=\"2962\" data-end=\"3047\">IT service providers (such as hosting or email service providers), in compliance with data protection requirements,<\/p>\n<\/li>\n<li data-start=\"3048\" data-end=\"3105\">\n<p data-start=\"3050\" data-end=\"3105\">Public authorities, where required by applicable law.<\/p>\n<\/li>\n<\/ul>\t\t\t\t\t\t\t\t<\/div>\n\t\t\t\t<div class=\"elementor-element elementor-element-a46335b elementor-widget elementor-widget-heading\" data-id=\"a46335b\" data-element_type=\"widget\" data-e-type=\"widget\" data-widget_type=\"heading.default\">\n\t\t\t\t\t<h3 class=\"elementor-heading-title elementor-size-default\">7. Cookies<\/h3>\t\t\t\t<\/div>\n\t\t\t\t<div class=\"elementor-element elementor-element-b5696c3 elementor-widget elementor-widget-text-editor\" data-id=\"b5696c3\" data-element_type=\"widget\" data-e-type=\"widget\" data-widget_type=\"text-editor.default\">\n\t\t\t\t\t\t\t\t\t<p data-start=\"3138\" data-end=\"3205\">Our website uses essential and statistical cookies.<\/p>\n<p data-start=\"3207\" data-end=\"3276\">Detailed information is provided on a separate page \u2014<a href=\"https:\/\/truckclaim.lt\/en\/cookie-policy\/\"> <strong data-start=\"3257\" data-end=\"3275\">Cookie Policy<\/strong><\/a>.<\/p>\t\t\t\t\t\t\t\t<\/div>\n\t\t\t\t<div class=\"elementor-element elementor-element-4c179f6 elementor-widget elementor-widget-heading\" data-id=\"4c179f6\" data-element_type=\"widget\" data-e-type=\"widget\" data-widget_type=\"heading.default\">\n\t\t\t\t\t<h3 class=\"elementor-heading-title elementor-size-default\">8. Your rights<\/h3>\t\t\t\t<\/div>\n\t\t\t\t<div class=\"elementor-element elementor-element-ad390b8 elementor-widget elementor-widget-text-editor\" data-id=\"ad390b8\" data-element_type=\"widget\" data-e-type=\"widget\" data-widget_type=\"text-editor.default\">\n\t\t\t\t\t\t\t\t\t<p data-start=\"3302\" data-end=\"3319\">You have the right to:<\/p><ul data-start=\"3320\" data-end=\"3573\"><li data-start=\"3320\" data-end=\"3363\"><p data-start=\"3322\" data-end=\"3363\">Obtain information about the personal data we process,<\/p><\/li><li data-start=\"3364\" data-end=\"3401\"><p data-start=\"3366\" data-end=\"3401\">Request the correction or completion of your personal data,<\/p><\/li><li data-start=\"3402\" data-end=\"3454\"><p data-start=\"3404\" data-end=\"3454\">Request the deletion of personal data (\u201cthe right to be forgotten\u201d),<\/p><\/li><li data-start=\"3455\" data-end=\"3482\"><p data-start=\"3457\" data-end=\"3482\">Restrict the processing of personal data,<\/p><\/li><li data-start=\"3483\" data-end=\"3514\"><p data-start=\"3485\" data-end=\"3514\">Object to the processing of personal data,<\/p><\/li><li data-start=\"3515\" data-end=\"3573\"><p data-start=\"3517\" data-end=\"3573\">Lodge a complaint with the State Data Protection Inspectorate.<\/p><\/li><\/ul><p data-start=\"3575\" data-end=\"3653\">To exercise your rights, you may contact us at: privacy@truckclaim.lt<\/p>\t\t\t\t\t\t\t\t<\/div>\n\t\t\t\t<div class=\"elementor-element elementor-element-5fe1d39 elementor-widget elementor-widget-heading\" data-id=\"5fe1d39\" data-element_type=\"widget\" data-e-type=\"widget\" data-widget_type=\"heading.default\">\n\t\t\t\t\t<h3 class=\"elementor-heading-title elementor-size-default\">9. Data security measures<\/h3>\t\t\t\t<\/div>\n\t\t\t\t\t<\/div>\n\t\t\t\t<\/div>\n\t\t<div class=\"elementor-element elementor-element-015ccc9 e-flex e-con-boxed e-con e-parent\" data-id=\"015ccc9\" data-element_type=\"container\" data-e-type=\"container\">\n\t\t\t\t\t<div class=\"e-con-inner\">\n\t\t\t\t<div class=\"elementor-element elementor-element-8faf404 elementor-widget elementor-widget-text-editor\" data-id=\"8faf404\" data-element_type=\"widget\" data-e-type=\"widget\" data-widget_type=\"text-editor.default\">\n\t\t\t\t\t\t\t\t\t<p data-start=\"3684\" data-end=\"3771\">We implement appropriate technical and organizational measures to protect personal data against:<\/p>\n<ul data-start=\"3772\" data-end=\"3835\">\n<li data-start=\"3772\" data-end=\"3794\">\n<p data-start=\"3774\" data-end=\"3794\">Unauthorized access,<\/p>\n<\/li>\n<li data-start=\"3795\" data-end=\"3807\">\n<p data-start=\"3797\" data-end=\"3807\">Loss,<\/p>\n<\/li>\n<li data-start=\"3808\" data-end=\"3835\">\n<p data-start=\"3810\" data-end=\"3835\">Disclosure, or alteration.<\/p>\n<\/li>\n<\/ul>\t\t\t\t\t\t\t\t<\/div>\n\t\t\t\t<div class=\"elementor-element elementor-element-27d06cd elementor-widget elementor-widget-heading\" data-id=\"27d06cd\" data-element_type=\"widget\" data-e-type=\"widget\" data-widget_type=\"heading.default\">\n\t\t\t\t\t<h3 class=\"elementor-heading-title elementor-size-default\">10. Changes to this Privacy Policy<\/h3>\t\t\t\t<\/div>\n\t\t\t\t<div class=\"elementor-element elementor-element-3e40c23 elementor-widget elementor-widget-text-editor\" data-id=\"3e40c23\" data-element_type=\"widget\" data-e-type=\"widget\" data-widget_type=\"text-editor.default\">\n\t\t\t\t\t\t\t\t\t<p>This Privacy Policy may be updated from time to time.<br data-start=\"3925\" data-end=\"3928\" \/>The updated version will always be published on this website.<\/p>\t\t\t\t\t\t\t\t<\/div>\n\t\t\t\t\t<\/div>\n\t\t\t\t<\/div>\n\t\t\t\t<\/div>","protected":false},"excerpt":{"rendered":"<p>Privatumo politika \u0160i Privatumo politika paai\u0161kina, kaip MB TruckClaim (\u012f.k. 305012205)\u00a0(toliau \u2013 Bendrov\u0117, mes) renka, naudoja ir saugo asmens duomenis, kai lankot\u0117s m\u016bs\u0173 interneto svetain\u0117je arba susisiekiate su mumis. Gerbiame j\u016bs\u0173 privatum\u0105 ir tvarkome asmens duomenis atsakingai, laikydamiesi Europos S\u0105jungos Bendrojo duomen\u0173 apsaugos reglamento (BDAR) ir kit\u0173 taikom\u0173 teis\u0117s akt\u0173. 1. Duomen\u0173 valdytojas Duomen\u0173 valdytojas: [&hellip;]<\/p>\n","protected":false},"author":1,"featured_media":0,"parent":0,"menu_order":0,"comment_status":"closed","ping_status":"open","template":"","meta":{"footnotes":""},"class_list":["post-3","page","type-page","status-publish","hentry"],"_links":{"self":[{"href":"https:\/\/truckclaim.lt\/en\/wp-json\/wp\/v2\/pages\/3","targetHints":{"allow":["GET"]}}],"collection":[{"href":"https:\/\/truckclaim.lt\/en\/wp-json\/wp\/v2\/pages"}],"about":[{"href":"https:\/\/truckclaim.lt\/en\/wp-json\/wp\/v2\/types\/page"}],"author":[{"embeddable":true,"href":"https:\/\/truckclaim.lt\/en\/wp-json\/wp\/v2\/users\/1"}],"replies":[{"embeddable":true,"href":"https:\/\/truckclaim.lt\/en\/wp-json\/wp\/v2\/comments?post=3"}],"version-history":[{"count":33,"href":"https:\/\/truckclaim.lt\/en\/wp-json\/wp\/v2\/pages\/3\/revisions"}],"predecessor-version":[{"id":602,"href":"https:\/\/truckclaim.lt\/en\/wp-json\/wp\/v2\/pages\/3\/revisions\/602"}],"wp:attachment":[{"href":"https:\/\/truckclaim.lt\/en\/wp-json\/wp\/v2\/media?parent=3"}],"curies":[{"name":"wp","href":"https:\/\/api.w.org\/{rel}","templated":true}]}}