{"id":449,"date":"2026-02-05T17:19:28","date_gmt":"2026-02-05T17:19:28","guid":{"rendered":"https:\/\/truckclaim.lt\/?page_id=449"},"modified":"2026-02-08T18:27:41","modified_gmt":"2026-02-08T18:27:41","slug":"cookie-policy","status":"publish","type":"page","link":"https:\/\/truckclaim.lt\/en\/cookie-policy\/","title":{"rendered":"Cookie policy"},"content":{"rendered":"<div data-elementor-type=\"wp-page\" data-elementor-id=\"449\" class=\"elementor elementor-449\" data-elementor-post-type=\"page\">\n\t\t\t\t<div class=\"elementor-element elementor-element-2d47431 e-flex e-con-boxed e-con e-parent\" data-id=\"2d47431\" data-element_type=\"container\" data-e-type=\"container\">\n\t\t\t\t\t<div class=\"e-con-inner\">\n\t\t\t\t<div class=\"elementor-element elementor-element-a3c55bd elementor-widget elementor-widget-spacer\" data-id=\"a3c55bd\" data-element_type=\"widget\" data-e-type=\"widget\" data-widget_type=\"spacer.default\">\n\t\t\t\t\t\t\t<div class=\"elementor-spacer\">\n\t\t\t<div class=\"elementor-spacer-inner\"><\/div>\n\t\t<\/div>\n\t\t\t\t\t\t<\/div>\n\t\t\t\t<div class=\"elementor-element elementor-element-f2bd72c elementor-widget elementor-widget-heading\" data-id=\"f2bd72c\" data-element_type=\"widget\" data-e-type=\"widget\" data-widget_type=\"heading.default\">\n\t\t\t\t\t<h2 class=\"elementor-heading-title elementor-size-default\">Cookie Policy<\/h2>\t\t\t\t<\/div>\n\t\t\t\t<div class=\"elementor-element elementor-element-8035083 elementor-widget elementor-widget-text-editor\" data-id=\"8035083\" data-element_type=\"widget\" data-e-type=\"widget\" data-widget_type=\"text-editor.default\">\n\t\t\t\t\t\t\t\t\t<p>This Cookie Policy explains how <strong>MB<\/strong> <strong data-start=\"413\" data-end=\"427\">TruckClaim<\/strong> (company registration No. 305012205) (hereinafter referred to as <em data-start=\"438\" data-end=\"443\">\"we\"<\/em>) uses cookies and similar technologies on its website <strong data-start=\"514\" data-end=\"535\"><a class=\"decorated-link\" href=\"https:\/\/truckclaim.lt\/en\/\" target=\"_new\" rel=\"noopener\" data-start=\"516\" data-end=\"533\">www.truckclaim.lt<\/a><\/strong>.<\/p>\t\t\t\t\t\t\t\t<\/div>\n\t\t\t\t<div class=\"elementor-element elementor-element-23827c2 elementor-widget elementor-widget-heading\" data-id=\"23827c2\" data-element_type=\"widget\" data-e-type=\"widget\" data-widget_type=\"heading.default\">\n\t\t\t\t\t<h3 class=\"elementor-heading-title elementor-size-default\">1. What are cookies?<\/h3>\t\t\t\t<\/div>\n\t\t\t\t<div class=\"elementor-element elementor-element-3a85198 elementor-widget elementor-widget-text-editor\" data-id=\"3a85198\" data-element_type=\"widget\" data-e-type=\"widget\" data-widget_type=\"text-editor.default\">\n\t\t\t\t\t\t\t\t\t<p class=\"translation-block\">Cookies are small text files that are stored on your device (computer, mobile phone, or tablet) when you visit a website.<br data-start=\"729\" data-end=\"732\">They help the website function properly, ensure security, and allow us to analyze how the website is used.<\/p>\t\t\t\t\t\t\t\t<\/div>\n\t\t\t\t<div class=\"elementor-element elementor-element-7e99803 elementor-widget elementor-widget-heading\" data-id=\"7e99803\" data-element_type=\"widget\" data-e-type=\"widget\" data-widget_type=\"heading.default\">\n\t\t\t\t\t<h3 class=\"elementor-heading-title elementor-size-default\">2. What cookies do we use?<\/h3>\t\t\t\t<\/div>\n\t\t\t\t<div class=\"elementor-element elementor-element-7bd16fd elementor-widget elementor-widget-text-editor\" data-id=\"7bd16fd\" data-element_type=\"widget\" data-e-type=\"widget\" data-widget_type=\"text-editor.default\">\n\t\t\t\t\t\t\t\t\t<p>Our website uses essential, preference (preferences), statistical (analytical), and marketing cookies.<\/p>\t\t\t\t\t\t\t\t<\/div>\n\t\t\t\t<div class=\"elementor-element elementor-element-d96c679 elementor-widget elementor-widget-heading\" data-id=\"d96c679\" data-element_type=\"widget\" data-e-type=\"widget\" data-widget_type=\"heading.default\">\n\t\t\t\t\t<h4 class=\"elementor-heading-title elementor-size-default\">2.1. Essential<\/h4>\t\t\t\t<\/div>\n\t\t\t\t<div class=\"elementor-element elementor-element-50e7263 elementor-widget elementor-widget-text-editor\" data-id=\"50e7263\" data-element_type=\"widget\" data-e-type=\"widget\" data-widget_type=\"text-editor.default\">\n\t\t\t\t\t\t\t\t\t<p data-start=\"961\" data-end=\"1041\">These cookies are necessary for the proper functioning of the website and cannot be disabled.<\/p><p data-start=\"1043\" data-end=\"1057\">They are used to:<\/p><ul data-start=\"1058\" data-end=\"1144\"><li data-start=\"1058\" data-end=\"1090\"><p data-start=\"1060\" data-end=\"1090\">ensure website security,<\/p><\/li><li data-start=\"1091\" data-end=\"1108\"><p data-start=\"1093\" data-end=\"1108\">enable the proper functioning of forms,<\/p><\/li><li data-start=\"1109\" data-end=\"1144\"><p data-start=\"1111\" data-end=\"1144\">store cookie consent preferences.<\/p><\/li><\/ul><p data-start=\"1146\" data-end=\"1213\">Legal basis: <strong data-start=\"1166\" data-end=\"1188\">Legitimate interest<\/strong> (Article 6(1)(f) of the GDPR).<\/p>\t\t\t\t\t\t\t\t<\/div>\n\t\t\t\t<div class=\"elementor-element elementor-element-fb9504f elementor-widget elementor-widget-heading\" data-id=\"fb9504f\" data-element_type=\"widget\" data-e-type=\"widget\" data-widget_type=\"heading.default\">\n\t\t\t\t\t<h4 class=\"elementor-heading-title elementor-size-default\">2.2. Preference<\/h4>\t\t\t\t<\/div>\n\t\t\t\t<div class=\"elementor-element elementor-element-b4d98ef elementor-widget elementor-widget-text-editor\" data-id=\"b4d98ef\" data-element_type=\"widget\" data-e-type=\"widget\" data-widget_type=\"text-editor.default\">\n\t\t\t\t\t\t\t\t\t<p data-start=\"1136\" data-end=\"1246\">These cookies allow us to store your selected settings and preferences so that the website can operate more conveniently for you.<\/p><p data-start=\"1248\" data-end=\"1374\" class=\"translation-block\"><strong data-start=\"1248\" data-end=\"1271\">Legal basis: <\/strong>legitimate interest or consent (Article 6(1)(f) or (a) of the GDPR, depending on the nature of the cookie).<\/p>\t\t\t\t\t\t\t\t<\/div>\n\t\t\t\t<div class=\"elementor-element elementor-element-49b123b elementor-widget elementor-widget-heading\" data-id=\"49b123b\" data-element_type=\"widget\" data-e-type=\"widget\" data-widget_type=\"heading.default\">\n\t\t\t\t\t<h4 class=\"elementor-heading-title elementor-size-default\">2.3. Statistical (analytical)<\/h4>\t\t\t\t<\/div>\n\t\t\t\t<div class=\"elementor-element elementor-element-94ff87b elementor-widget elementor-widget-text-editor\" data-id=\"94ff87b\" data-element_type=\"widget\" data-e-type=\"widget\" data-widget_type=\"text-editor.default\">\n\t\t\t\t\t\t\t\t\t<p data-start=\"1262\" data-end=\"1354\">These cookies help us understand how visitors use the website so that we can improve its performance and usability.<\/p><p data-start=\"1356\" data-end=\"1397\">For example, information may be collected about:<\/p><ul data-start=\"1398\" data-end=\"1475\"><li data-start=\"1398\" data-end=\"1419\"><p data-start=\"1400\" data-end=\"1419\">visited pages,<\/p><\/li><li data-start=\"1420\" data-end=\"1441\"><p data-start=\"1422\" data-end=\"1441\">duration of visits,<\/p><\/li><li data-start=\"1442\" data-end=\"1475\"><p data-start=\"1444\" data-end=\"1475\">the device or browser used.<\/p><\/li><\/ul><p data-start=\"1477\" data-end=\"1528\" class=\"translation-block\">These cookies are used <strong data-start=\"1971\" data-end=\"1998\">only with your consent.<\/strong>.<\/p><p data-start=\"1530\" data-end=\"1588\">Legal basis: <strong data-start=\"1550\" data-end=\"1563\">Consent<\/strong> (Article 6(1)(a) of the GDPR).<\/p>\t\t\t\t\t\t\t\t<\/div>\n\t\t\t\t<div class=\"elementor-element elementor-element-7defd2e elementor-widget elementor-widget-heading\" data-id=\"7defd2e\" data-element_type=\"widget\" data-e-type=\"widget\" data-widget_type=\"heading.default\">\n\t\t\t\t\t<h4 class=\"elementor-heading-title elementor-size-default\">2.4. Marketing<\/h4>\t\t\t\t<\/div>\n\t\t\t\t<div class=\"elementor-element elementor-element-b788050 elementor-widget elementor-widget-text-editor\" data-id=\"b788050\" data-element_type=\"widget\" data-e-type=\"widget\" data-widget_type=\"text-editor.default\">\n\t\t\t\t\t\t\t\t\t<p data-start=\"1814\" data-end=\"1944\">These cookies are used for advertising purposes \u2014 they help display relevant content and track your activity on this website and across other websites.<\/p><p data-start=\"1814\" data-end=\"1944\" class=\"translation-block\">These cookies are used <strong data-start=\"1971\" data-end=\"1998\">only with your consent.<\/strong>.<\/p><p data-start=\"2001\" data-end=\"2061\"><strong data-start=\"2001\" data-end=\"2024\">Legal basis: <\/strong>consent (Article 6(1)(a) of the GDPR).<\/p>\t\t\t\t\t\t\t\t<\/div>\n\t\t\t\t<div class=\"elementor-element elementor-element-ac16df2 elementor-widget elementor-widget-heading\" data-id=\"ac16df2\" data-element_type=\"widget\" data-e-type=\"widget\" data-widget_type=\"heading.default\">\n\t\t\t\t\t<h3 class=\"elementor-heading-title elementor-size-default\">3. Third-party cookies<\/h3>\t\t\t\t<\/div>\n\t\t\t\t<div class=\"elementor-element elementor-element-c913479 elementor-widget elementor-widget-text-editor\" data-id=\"c913479\" data-element_type=\"widget\" data-e-type=\"widget\" data-widget_type=\"text-editor.default\">\n\t\t\t\t\t\t\t\t\t<p data-start=\"1626\" data-end=\"1727\">If third-party tools are used (for example, analytics services), they may set their own cookies on your device.<\/p><p data-start=\"1729\" data-end=\"1824\">Such data is processed in accordance with the privacy policies of the respective third parties and only with your consent.<\/p>\t\t\t\t\t\t\t\t<\/div>\n\t\t\t\t<div class=\"elementor-element elementor-element-a188508 elementor-widget elementor-widget-heading\" data-id=\"a188508\" data-element_type=\"widget\" data-e-type=\"widget\" data-widget_type=\"heading.default\">\n\t\t\t\t\t<h3 class=\"elementor-heading-title elementor-size-default\">4. How can you manage cookies?<\/h3>\t\t\t\t<\/div>\n\t\t\t\t<div class=\"elementor-element elementor-element-25d8b04 elementor-widget elementor-widget-text-editor\" data-id=\"25d8b04\" data-element_type=\"widget\" data-e-type=\"widget\" data-widget_type=\"text-editor.default\">\n\t\t\t\t\t\t\t\t\t<p data-start=\"1868\" data-end=\"1879\">You can:<\/p><ul data-start=\"1880\" data-end=\"2017\"><li data-start=\"1880\" data-end=\"1910\"><p data-start=\"1882\" data-end=\"1910\">consent to all cookies,<\/p><\/li><li data-start=\"1911\" data-end=\"1941\"><p data-start=\"1913\" data-end=\"1941\">refuse non-essential cookies,<\/p><\/li><li data-start=\"1942\" data-end=\"2017\"><p data-start=\"1944\" data-end=\"2017\">change your preferences at any time through the cookie settings or your browser.<\/p><\/li><\/ul><p data-start=\"2019\" data-end=\"2124\">Please note that disabling essential cookies may cause certain website features to function improperly.<\/p>\t\t\t\t\t\t\t\t<\/div>\n\t\t\t\t<div class=\"elementor-element elementor-element-4ad1a15 elementor-widget elementor-widget-heading\" data-id=\"4ad1a15\" data-element_type=\"widget\" data-e-type=\"widget\" data-widget_type=\"heading.default\">\n\t\t\t\t\t<h3 class=\"elementor-heading-title elementor-size-default\">5. Cookie retention period<\/h3>\t\t\t\t<\/div>\n\t\t\t\t<div class=\"elementor-element elementor-element-88adbea elementor-widget elementor-widget-text-editor\" data-id=\"88adbea\" data-element_type=\"widget\" data-e-type=\"widget\" data-widget_type=\"text-editor.default\">\n\t\t\t\t\t\t\t\t\t<p data-start=\"2163\" data-end=\"2182\">Cookies may be:<\/p><ul data-start=\"2183\" data-end=\"2290\"><li data-start=\"2183\" data-end=\"2236\"><p data-start=\"2185\" data-end=\"2236\"><strong data-start=\"2185\" data-end=\"2205\">session cookies,<\/strong> which are deleted when you close your browser,<\/p><\/li><li data-start=\"2237\" data-end=\"2290\"><p data-start=\"2239\" data-end=\"2290\"><strong data-start=\"2239\" data-end=\"2263\">persistent cookies,<\/strong> which are stored on your device for a specified period.<\/p><\/li><\/ul><p data-start=\"2292\" data-end=\"2344\">The specific retention period depends on the purpose of each cookie.<\/p>\t\t\t\t\t\t\t\t<\/div>\n\t\t\t\t<div class=\"elementor-element elementor-element-a36ba30 elementor-widget elementor-widget-heading\" data-id=\"a36ba30\" data-element_type=\"widget\" data-e-type=\"widget\" data-widget_type=\"heading.default\">\n\t\t\t\t\t<h3 class=\"elementor-heading-title elementor-size-default\">6. Changes to this Cookie Policy<\/h3>\t\t\t\t<\/div>\n\t\t\t\t<div class=\"elementor-element elementor-element-ee4dc40 elementor-widget elementor-widget-text-editor\" data-id=\"ee4dc40\" data-element_type=\"widget\" data-e-type=\"widget\" data-widget_type=\"text-editor.default\">\n\t\t\t\t\t\t\t\t\t<p>This Cookie Policy may be updated from time to time.<br data-start=\"2441\" data-end=\"2444\" \/>The updated version will always be published on this website.<\/p>\t\t\t\t\t\t\t\t<\/div>\n\t\t\t\t<div class=\"elementor-element elementor-element-cd34f0c elementor-widget elementor-widget-heading\" data-id=\"cd34f0c\" data-element_type=\"widget\" data-e-type=\"widget\" data-widget_type=\"heading.default\">\n\t\t\t\t\t<h3 class=\"elementor-heading-title elementor-size-default\">7. Contact information<\/h3>\t\t\t\t<\/div>\n\t\t\t\t<div class=\"elementor-element elementor-element-42b305f elementor-widget elementor-widget-text-editor\" data-id=\"42b305f\" data-element_type=\"widget\" data-e-type=\"widget\" data-widget_type=\"text-editor.default\">\n\t\t\t\t\t\t\t\t\t<p>If you have any questions regarding cookies or the processing of personal data, please contact us at:\nprivacy@truckclaim.lt<\/p>\t\t\t\t\t\t\t\t<\/div>\n\t\t\t\t\t<\/div>\n\t\t\t\t<\/div>\n\t\t\t\t<\/div>","protected":false},"excerpt":{"rendered":"<p>Slapuk\u0173 politika \u0160i Slapuk\u0173 politika paai\u0161kina, kaip MB TruckClaim (\u012f.k. 305012205) (toliau \u2013 mes) naudoja slapukus ir pana\u0161ias technologijas savo interneto svetain\u0117je www.truckclaim.lt. 1. Kas yra slapukai? Slapukai (cookies) \u2013 tai nedideli tekstiniai failai, kurie i\u0161saugomi j\u016bs\u0173 \u012frenginyje (kompiuteryje, telefone ar plan\u0161et\u0117je), kai lankot\u0117s interneto svetain\u0117je.Jie padeda svetainei tinkamai veikti, u\u017etikrina saugum\u0105 ir leid\u017eia analizuoti [&hellip;]<\/p>\n","protected":false},"author":1,"featured_media":0,"parent":0,"menu_order":0,"comment_status":"closed","ping_status":"closed","template":"","meta":{"footnotes":""},"class_list":["post-449","page","type-page","status-publish","hentry"],"_links":{"self":[{"href":"https:\/\/truckclaim.lt\/en\/wp-json\/wp\/v2\/pages\/449","targetHints":{"allow":["GET"]}}],"collection":[{"href":"https:\/\/truckclaim.lt\/en\/wp-json\/wp\/v2\/pages"}],"about":[{"href":"https:\/\/truckclaim.lt\/en\/wp-json\/wp\/v2\/types\/page"}],"author":[{"embeddable":true,"href":"https:\/\/truckclaim.lt\/en\/wp-json\/wp\/v2\/users\/1"}],"replies":[{"embeddable":true,"href":"https:\/\/truckclaim.lt\/en\/wp-json\/wp\/v2\/comments?post=449"}],"version-history":[{"count":26,"href":"https:\/\/truckclaim.lt\/en\/wp-json\/wp\/v2\/pages\/449\/revisions"}],"predecessor-version":[{"id":779,"href":"https:\/\/truckclaim.lt\/en\/wp-json\/wp\/v2\/pages\/449\/revisions\/779"}],"wp:attachment":[{"href":"https:\/\/truckclaim.lt\/en\/wp-json\/wp\/v2\/media?parent=449"}],"curies":[{"name":"wp","href":"https:\/\/api.w.org\/{rel}","templated":true}]}}