{"id":469,"date":"2026-02-05T18:04:43","date_gmt":"2026-02-05T18:04:43","guid":{"rendered":"https:\/\/truckclaim.lt\/?page_id=469"},"modified":"2026-02-06T05:54:00","modified_gmt":"2026-02-06T05:54:00","slug":"terms-of-service","status":"publish","type":"page","link":"https:\/\/truckclaim.lt\/en\/terms-of-service\/","title":{"rendered":"Terms of service"},"content":{"rendered":"<div data-elementor-type=\"wp-page\" data-elementor-id=\"469\" class=\"elementor elementor-469\" data-elementor-post-type=\"page\">\n\t\t\t\t<div class=\"elementor-element elementor-element-5277920 e-flex e-con-boxed e-con e-parent\" data-id=\"5277920\" data-element_type=\"container\" data-e-type=\"container\">\n\t\t\t\t\t<div class=\"e-con-inner\">\n\t\t\t\t<div class=\"elementor-element elementor-element-88d5499 elementor-widget elementor-widget-spacer\" data-id=\"88d5499\" data-element_type=\"widget\" data-e-type=\"widget\" data-widget_type=\"spacer.default\">\n\t\t\t\t\t\t\t<div class=\"elementor-spacer\">\n\t\t\t<div class=\"elementor-spacer-inner\"><\/div>\n\t\t<\/div>\n\t\t\t\t\t\t<\/div>\n\t\t\t\t<div class=\"elementor-element elementor-element-39c3c78 elementor-widget elementor-widget-heading\" data-id=\"39c3c78\" data-element_type=\"widget\" data-e-type=\"widget\" data-widget_type=\"heading.default\">\n\t\t\t\t\t<h2 class=\"elementor-heading-title elementor-size-default\">Terms of Service<\/h2>\t\t\t\t<\/div>\n\t\t\t\t<div class=\"elementor-element elementor-element-7a60e46 elementor-widget elementor-widget-text-editor\" data-id=\"7a60e46\" data-element_type=\"widget\" data-e-type=\"widget\" data-widget_type=\"text-editor.default\">\n\t\t\t\t\t\t\t\t\t<p data-start=\"597\" data-end=\"735\">These Terms of Service (hereinafter referred to as the <em data-start=\"637\" data-end=\"646\">\u201cTerms\u201d<\/em>) govern the use of the website of <strong>MB TruckClaim<\/strong> (company registration No. 305012205) (hereinafter referred to as <em data-start=\"637\" data-end=\"646\">TruckClaim<\/em>) and the rules applicable to initial communication.<\/p><p data-start=\"737\" data-end=\"798\">By using this website, you agree to these Terms.<\/p>\t\t\t\t\t\t\t\t<\/div>\n\t\t\t\t<div class=\"elementor-element elementor-element-7f4472f elementor-widget elementor-widget-heading\" data-id=\"7f4472f\" data-element_type=\"widget\" data-e-type=\"widget\" data-widget_type=\"heading.default\">\n\t\t\t\t\t<h3 class=\"elementor-heading-title elementor-size-default\">1. Purpose of the website<\/h3>\t\t\t\t<\/div>\n\t\t\t\t<div class=\"elementor-element elementor-element-d79ed21 elementor-widget elementor-widget-text-editor\" data-id=\"d79ed21\" data-element_type=\"widget\" data-e-type=\"widget\" data-widget_type=\"text-editor.default\">\n\t\t\t\t\t\t\t\t\t<p data-start=\"832\" data-end=\"865\">This website is intended to:<\/p><ul data-start=\"866\" data-end=\"1026\"><li data-start=\"866\" data-end=\"955\"><p data-start=\"868\" data-end=\"955\">Provide information about <strong data-start=\"884\" data-end=\"898\">TruckClaim<\/strong> the transport and cargo damage management services offered by TruckClaim.<\/p><\/li><li data-start=\"956\" data-end=\"1026\"><p data-start=\"958\" data-end=\"1026\">enable users to contact us for an <strong data-start=\"991\" data-end=\"1025\">initial assessment of their situation<\/strong>.<\/p><\/li><\/ul><p data-start=\"1028\" data-end=\"1083\">The content of this website is provided for <strong data-start=\"1050\" data-end=\"1082\">general informational purposes only<\/strong>.<\/p>\t\t\t\t\t\t\t\t<\/div>\n\t\t\t\t<div class=\"elementor-element elementor-element-dd4ea99 elementor-widget elementor-widget-heading\" data-id=\"dd4ea99\" data-element_type=\"widget\" data-e-type=\"widget\" data-widget_type=\"heading.default\">\n\t\t\t\t\t<h3 class=\"elementor-heading-title elementor-size-default\">2. Absence of legal advice<\/h3>\t\t\t\t<\/div>\n\t\t\t\t<div class=\"elementor-element elementor-element-f534c5c elementor-widget elementor-widget-text-editor\" data-id=\"f534c5c\" data-element_type=\"widget\" data-e-type=\"widget\" data-widget_type=\"text-editor.default\">\n\t\t\t\t\t\t\t\t\t<p data-start=\"1130\" data-end=\"1212\" class=\"translation-block\">The information provided on this website<strong data-start=\"1164\" data-end=\"1211\">does not constitute individual legal advice.<\/strong><\/p><p data-start=\"1214\" data-end=\"1269\">Any explanations, descriptions, or examples provided:<\/p><ul data-start=\"1270\" data-end=\"1376\"><li data-start=\"1270\" data-end=\"1298\"><p data-start=\"1272\" data-end=\"1298\">are for informational purposes only,<\/p><\/li><li data-start=\"1299\" data-end=\"1376\"><p data-start=\"1301\" data-end=\"1376\">cannot be considered specific advice or a binding solution without a separate agreement.<\/p><\/li><\/ul>\t\t\t\t\t\t\t\t<\/div>\n\t\t\t\t<div class=\"elementor-element elementor-element-acf11c9 elementor-widget elementor-widget-heading\" data-id=\"acf11c9\" data-element_type=\"widget\" data-e-type=\"widget\" data-widget_type=\"heading.default\">\n\t\t\t\t\t<h3 class=\"elementor-heading-title elementor-size-default\">3. Inquiries and absence of contractual relationship<\/h3>\t\t\t\t<\/div>\n\t\t\t\t<div class=\"elementor-element elementor-element-9a21c92 elementor-widget elementor-widget-text-editor\" data-id=\"9a21c92\" data-element_type=\"widget\" data-e-type=\"widget\" data-widget_type=\"text-editor.default\">\n\t\t\t\t\t\t\t\t\t<p data-start=\"1433\" data-end=\"1458\">Submitting an inquiry via:<\/p><ul data-start=\"1459\" data-end=\"1522\"><li data-start=\"1459\" data-end=\"1478\"><p data-start=\"1461\" data-end=\"1478\">the contact form,<\/p><\/li><li data-start=\"1479\" data-end=\"1491\"><p data-start=\"1481\" data-end=\"1491\">email, or<\/p><\/li><li data-start=\"1492\" data-end=\"1522\"><p data-start=\"1494\" data-end=\"1522\">any other communication channel.<\/p><\/li><\/ul><p data-start=\"1524\" data-end=\"1582\" class=\"translation-block\"><strong data-start=\"1524\" data-end=\"1557\">does not create a contractual relationship<\/strong> between you and TruckClaim.<\/p><p data-start=\"1584\" data-end=\"1683\">Services are provided <strong data-start=\"1604\" data-end=\"1639\">only upon the conclusion of a separate agreement<\/strong>, expressly agreed with the client.<\/p>\t\t\t\t\t\t\t\t<\/div>\n\t\t\t\t<div class=\"elementor-element elementor-element-3157d6a elementor-widget elementor-widget-heading\" data-id=\"3157d6a\" data-element_type=\"widget\" data-e-type=\"widget\" data-widget_type=\"heading.default\">\n\t\t\t\t\t<h3 class=\"elementor-heading-title elementor-size-default\">4. Limitation of liability<\/h3>\t\t\t\t<\/div>\n\t\t\t\t<div class=\"elementor-element elementor-element-1e7be18 elementor-widget elementor-widget-text-editor\" data-id=\"1e7be18\" data-element_type=\"widget\" data-e-type=\"widget\" data-widget_type=\"text-editor.default\">\n\t\t\t\t\t\t\t\t\t<p data-start=\"1719\" data-end=\"1742\">TruckClaim shall not be liable for:<\/p><ul data-start=\"1743\" data-end=\"1972\"><li data-start=\"1743\" data-end=\"1812\"><p data-start=\"1745\" data-end=\"1812\">decisions made solely on the basis of information provided on the website;<\/p><\/li><li data-start=\"1813\" data-end=\"1900\"><p data-start=\"1815\" data-end=\"1900\">any damage resulting from incorrect or incomplete interpretation of the information;<\/p><\/li><li data-start=\"1901\" data-end=\"1972\"><p data-start=\"1903\" data-end=\"1972\">technical disruptions of the website beyond TruckClaim\u2019s control.<\/p><\/li><\/ul><p data-start=\"1974\" data-end=\"2120\" class=\"translation-block\">TruckClaim reserves the right to <strong data-start=\"2001\" data-end=\"2032\"> refuse to provide services<\/strong> if a situation is assessed as economically unjustified or outside the scope of its activities.<\/p>\t\t\t\t\t\t\t\t<\/div>\n\t\t\t\t<div class=\"elementor-element elementor-element-9aca855 elementor-widget elementor-widget-heading\" data-id=\"9aca855\" data-element_type=\"widget\" data-e-type=\"widget\" data-widget_type=\"heading.default\">\n\t\t\t\t\t<h3 class=\"elementor-heading-title elementor-size-default\">5. Intellectual property<\/h3>\t\t\t\t<\/div>\n\t\t\t\t<div class=\"elementor-element elementor-element-bfc9a63 elementor-widget elementor-widget-text-editor\" data-id=\"bfc9a63\" data-element_type=\"widget\" data-e-type=\"widget\" data-widget_type=\"text-editor.default\">\n\t\t\t\t\t\t\t\t\t<p data-start=\"2156\" data-end=\"2191\">All content on this website, including but not limited to:<\/p><ul data-start=\"2192\" data-end=\"2260\"><li data-start=\"2192\" data-end=\"2202\"><p data-start=\"2194\" data-end=\"2202\">texts,<\/p><\/li><li data-start=\"2203\" data-end=\"2215\"><p data-start=\"2205\" data-end=\"2215\">logos,<\/p><\/li><li data-start=\"2216\" data-end=\"2236\"><p data-start=\"2218\" data-end=\"2236\">design elements,<\/p><\/li><li data-start=\"2237\" data-end=\"2260\"><p data-start=\"2239\" data-end=\"2260\">graphic materials,<\/p><\/li><\/ul><p data-start=\"2262\" data-end=\"2324\" class=\"translation-block\">is <strong data-start=\"2266\" data-end=\"2302\">the intellectual property of TruckClaim<\/strong> and is protected by applicable laws.<\/p><p data-start=\"2326\" data-end=\"2358\">Without prior written consent, it is prohibited to:<\/p><ul data-start=\"2359\" data-end=\"2416\"><li data-start=\"2359\" data-end=\"2371\"><p data-start=\"2361\" data-end=\"2371\">copy,<\/p><\/li><li data-start=\"2372\" data-end=\"2383\"><p data-start=\"2374\" data-end=\"2383\">distribute,<\/p><\/li><li data-start=\"2384\" data-end=\"2416\"><p data-start=\"2386\" data-end=\"2416\">use the content for commercial purposes.<\/p><\/li><\/ul>\t\t\t\t\t\t\t\t<\/div>\n\t\t\t\t<div class=\"elementor-element elementor-element-fbe3190 elementor-widget elementor-widget-heading\" data-id=\"fbe3190\" data-element_type=\"widget\" data-e-type=\"widget\" data-widget_type=\"heading.default\">\n\t\t\t\t\t<h3 class=\"elementor-heading-title elementor-size-default\">6. Governing law<\/h3>\t\t\t\t<\/div>\n\t\t\t\t<div class=\"elementor-element elementor-element-1b4ee33 elementor-widget elementor-widget-text-editor\" data-id=\"1b4ee33\" data-element_type=\"widget\" data-e-type=\"widget\" data-widget_type=\"text-editor.default\">\n\t\t\t\t\t\t\t\t\t<p data-start=\"2446\" data-end=\"2537\">These Terms shall be governed by the laws of the <strong data-start=\"2469\" data-end=\"2499\">Republic of Lithuania<\/strong> and <strong data-start=\"2503\" data-end=\"2536\">and applicable European Union legislation<\/strong>.<\/p><p data-start=\"2539\" data-end=\"2620\">Any disputes shall be resolved through negotiations, and failing agreement, in accordance with the procedure established by law.<\/p>\t\t\t\t\t\t\t\t<\/div>\n\t\t\t\t<div class=\"elementor-element elementor-element-9fe61b8 elementor-widget elementor-widget-heading\" data-id=\"9fe61b8\" data-element_type=\"widget\" data-e-type=\"widget\" data-widget_type=\"heading.default\">\n\t\t\t\t\t<h3 class=\"elementor-heading-title elementor-size-default\">7. Changes to the Terms<\/h3>\t\t\t\t<\/div>\n\t\t\t\t<div class=\"elementor-element elementor-element-ecf6d29 elementor-widget elementor-widget-text-editor\" data-id=\"ecf6d29\" data-element_type=\"widget\" data-e-type=\"widget\" data-widget_type=\"text-editor.default\">\n\t\t\t\t\t\t\t\t\t<p>TruckClaim reserves the right to update these Terms at any time.<br data-start=\"2712\" data-end=\"2715\" \/>The updated version will be published on this website.<\/p>\t\t\t\t\t\t\t\t<\/div>\n\t\t\t\t\t<\/div>\n\t\t\t\t<\/div>\n\t\t\t\t<\/div>","protected":false},"excerpt":{"rendered":"<p>Paslaug\u0173 teikimo s\u0105lygos \u0160ios Paslaug\u0173 teikimo s\u0105lygos (toliau \u2013 S\u0105lygos) nustato naudojimosi MB TruckClaim (\u012f.k. 305012205) (toliau \u2013 TruckClaim) interneto svetaine ir pirmin\u0117s komunikacijos tvark\u0105. Naudodamiesi \u0161ia svetaine, j\u016bs sutinkate su \u0161iomis S\u0105lygomis. 1. Svetain\u0117s paskirtis \u0160i interneto svetain\u0117 yra skirta: informuoti apie TruckClaim teikiamas transporto ir krovini\u0173 \u017eal\u0173 valdymo paslaugas; sudaryti galimyb\u0119 susisiekti d\u0117l [&hellip;]<\/p>\n","protected":false},"author":1,"featured_media":0,"parent":0,"menu_order":0,"comment_status":"closed","ping_status":"closed","template":"","meta":{"footnotes":""},"class_list":["post-469","page","type-page","status-publish","hentry"],"_links":{"self":[{"href":"https:\/\/truckclaim.lt\/en\/wp-json\/wp\/v2\/pages\/469","targetHints":{"allow":["GET"]}}],"collection":[{"href":"https:\/\/truckclaim.lt\/en\/wp-json\/wp\/v2\/pages"}],"about":[{"href":"https:\/\/truckclaim.lt\/en\/wp-json\/wp\/v2\/types\/page"}],"author":[{"embeddable":true,"href":"https:\/\/truckclaim.lt\/en\/wp-json\/wp\/v2\/users\/1"}],"replies":[{"embeddable":true,"href":"https:\/\/truckclaim.lt\/en\/wp-json\/wp\/v2\/comments?post=469"}],"version-history":[{"count":8,"href":"https:\/\/truckclaim.lt\/en\/wp-json\/wp\/v2\/pages\/469\/revisions"}],"predecessor-version":[{"id":507,"href":"https:\/\/truckclaim.lt\/en\/wp-json\/wp\/v2\/pages\/469\/revisions\/507"}],"wp:attachment":[{"href":"https:\/\/truckclaim.lt\/en\/wp-json\/wp\/v2\/media?parent=469"}],"curies":[{"name":"wp","href":"https:\/\/api.w.org\/{rel}","templated":true}]}}